{"id":4414,"date":"2024-04-16T15:56:47","date_gmt":"2024-04-16T13:56:47","guid":{"rendered":"https:\/\/essestrikesthenotes.com\/?page_id=4414"},"modified":"2024-04-22T11:53:31","modified_gmt":"2024-04-22T09:53:31","slug":"chi-e-esse","status":"publish","type":"page","link":"https:\/\/essestrikesthenotes.com\/en\/chi-e-esse\/","title":{"rendered":"Who is S."},"content":{"rendered":"<p>[et_pb_section fb_built=&#8221;1&#8243; _builder_version=&#8221;4.24.3&#8243; _module_preset=&#8221;default&#8221; custom_padding=&#8221;0px||0px||false|false&#8221; global_colors_info=&#8221;{}&#8221;][et_pb_row _builder_version=&#8221;4.24.3&#8243; _module_preset=&#8221;default&#8221; global_colors_info=&#8221;{}&#8221;][et_pb_column type=&#8221;4_4&#8243; _builder_version=&#8221;4.24.3&#8243; _module_preset=&#8221;default&#8221; global_colors_info=&#8221;{}&#8221;][et_pb_image src=&#8221;https:\/\/essestrikesthenotes.com\/wp-content\/uploads\/2024\/04\/i-am-s-nice-to-meet-you-5.png&#8221; title_text=&#8221;i am s nice to meet you 5&#8243; align=&#8221;center&#8221; _builder_version=&#8221;4.24.3&#8243; _module_preset=&#8221;default&#8221; global_colors_info=&#8221;{}&#8221;][\/et_pb_image][\/et_pb_column][\/et_pb_row][\/et_pb_section][et_pb_section fb_built=&#8221;1&#8243; _builder_version=&#8221;4.24.3&#8243; _module_preset=&#8221;default&#8221; custom_padding=&#8221;0px||0px||false|false&#8221; global_colors_info=&#8221;{}&#8221;][et_pb_row column_structure=&#8221;3_5,2_5&#8243; _builder_version=&#8221;4.24.3&#8243; _module_preset=&#8221;default&#8221; global_colors_info=&#8221;{}&#8221;][et_pb_column type=&#8221;3_5&#8243; _builder_version=&#8221;4.24.3&#8243; _module_preset=&#8221;default&#8221; global_colors_info=&#8221;{}&#8221;][et_pb_text _builder_version=&#8221;4.24.3&#8243; _module_preset=&#8221;default&#8221; text_orientation_tablet=&#8221;center&#8221; text_orientation_phone=&#8221;center&#8221; text_orientation_last_edited=&#8221;on|tablet&#8221; global_colors_info=&#8221;{}&#8221;]<\/p>\n<h1>Who is<span>\u00a0<\/span><span style=\"color: #d3122c;\">S<\/span>.<\/h1>\n<p>[\/et_pb_text][et_pb_text _builder_version=&#8221;4.24.3&#8243; _module_preset=&#8221;default&#8221; text_orientation_tablet=&#8221;center&#8221; text_orientation_phone=&#8221;center&#8221; text_orientation_last_edited=&#8221;on|phone&#8221; global_colors_info=&#8221;{}&#8221;]<\/p>\n<p>The intriguing personality of S. stands out among the generation started by her grandfather Aurelio.<\/p>\n<p>S. is bold, but it\u2019s easy to make her the frailest. She is mysterious, but sometimes even a predictable woman.<\/p>\n<p>She is an ambitious woman, held back by her fears. She is a dreamer whose rationality can almost clip her wings.<\/p>\n<p>Unique and weird fragrances, interpreting the sides of her enigmatic personality.<\/p>\n<p>An Italian first name, gives personality to each fragrance. An homage to Italy, where Lady Fashion finds an important home.<\/p>\n<p>[\/et_pb_text][\/et_pb_column][et_pb_column type=&#8221;2_5&#8243; _builder_version=&#8221;4.24.3&#8243; _module_preset=&#8221;default&#8221; global_colors_info=&#8221;{}&#8221;][et_pb_image src=&#8221;https:\/\/essestrikesthenotes.com\/wp-content\/uploads\/2024\/04\/Donatella-scarpe-235-365.png&#8221; title_text=&#8221;Donatella-scarpe-235-365&#8243; align=&#8221;center&#8221; _builder_version=&#8221;4.24.3&#8243; _module_preset=&#8221;default&#8221; global_colors_info=&#8221;{}&#8221;][\/et_pb_image][\/et_pb_column][\/et_pb_row][\/et_pb_section][et_pb_section fb_built=&#8221;1&#8243; _builder_version=&#8221;4.24.3&#8243; _module_preset=&#8221;default&#8221; custom_padding=&#8221;0px||0px||false|false&#8221; global_colors_info=&#8221;{}&#8221;][et_pb_row column_structure=&#8221;1_3,2_3&#8243; _builder_version=&#8221;4.24.3&#8243; _module_preset=&#8221;default&#8221; global_colors_info=&#8221;{}&#8221;][et_pb_column type=&#8221;1_3&#8243; _builder_version=&#8221;4.24.3&#8243; _module_preset=&#8221;default&#8221; global_colors_info=&#8221;{}&#8221;][et_pb_image src=&#8221;https:\/\/essestrikesthenotes.com\/wp-content\/uploads\/2020\/02\/gruppo-Esse-2a-1.jpg&#8221; title_text=&#8221;gruppo Esse 2a&#8221; disabled_on=&#8221;on|on|off&#8221; _builder_version=&#8221;4.24.3&#8243; _module_preset=&#8221;default&#8221; global_colors_info=&#8221;{}&#8221;][\/et_pb_image][\/et_pb_column][et_pb_column type=&#8221;2_3&#8243; _builder_version=&#8221;4.24.3&#8243; _module_preset=&#8221;default&#8221; global_colors_info=&#8221;{}&#8221;][et_pb_text _builder_version=&#8221;4.24.3&#8243; _module_preset=&#8221;default&#8221; text_orientation_tablet=&#8221;center&#8221; text_orientation_phone=&#8221;center&#8221; text_orientation_last_edited=&#8221;on|tablet&#8221; global_colors_info=&#8221;{}&#8221;]<\/p>\n<p>If this were a fairytale, it would start with \u201cOnce upon a time..\u201d. Instead it begins with \u201cThere is\u2026\u201d, because it is a true story.<\/p>\n<p><strong>S.<\/strong><span>\u00a0<\/span>It is the tale of a family tradition. S. has always lived in close contact with the world of fragrances. Her grandfather, Aurelio Cerizza opened the first laboratory to create fragrances in 1946. He soon become very famous in Italy and Europe and his little laboratory became a company.<\/p>\n<p>It handed down from one generation to another, perfected and enriched by the work of younger hands, with fresh and innovative ideas that have reinvented it.<\/p>\n<p>To pass on a passion, you need to believe in it, you need to love unconditionally what you daily live and breath. We pass on stories, physical and behavioral particularities, values, myths and abilities. In passing on, we externalize even the most well-hidden part of our essence.<\/p>\n<p>[\/et_pb_text][et_pb_image src=&#8221;https:\/\/essestrikesthenotes.com\/wp-content\/uploads\/2020\/02\/gruppo-Esse-2a-1.jpg&#8221; title_text=&#8221;gruppo Esse 2a&#8221; disabled_on=&#8221;off|off|on&#8221; _builder_version=&#8221;4.24.3&#8243; _module_preset=&#8221;default&#8221; global_colors_info=&#8221;{}&#8221;][\/et_pb_image][\/et_pb_column][\/et_pb_row][et_pb_row _builder_version=&#8221;4.24.3&#8243; _module_preset=&#8221;default&#8221; global_colors_info=&#8221;{}&#8221;][et_pb_column type=&#8221;4_4&#8243; _builder_version=&#8221;4.24.3&#8243; _module_preset=&#8221;default&#8221; global_colors_info=&#8221;{}&#8221;][et_pb_text _builder_version=&#8221;4.24.3&#8243; _module_preset=&#8221;default&#8221; text_orientation=&#8221;center&#8221; global_colors_info=&#8221;{}&#8221;]<\/p>\n<p>Esse strikes the notes, is a project entirely conceived, made and produced in Italy. An experience of over 70 years in the field of fragrances, it is the key to reach the goals of the project, namely a careful quest for original raw materials and accords<\/p>\n<p>Esse strikes the notes embodies the values of union in the family, combing with fashion and modern Italian design, whose lines are innovative, but sometimes dry and well-defined.<\/p>\n<p>An encounter, occasionally a collision, between tradition and contemporary eccentricity.<\/p>\n<p>[\/et_pb_text][et_pb_image src=&#8221;https:\/\/essestrikesthenotes.com\/wp-content\/uploads\/2018\/03\/fatherson-essestrikethenotes.jpg&#8221; title_text=&#8221;father&#038;son-essestrikethenotes&#8221; _builder_version=&#8221;4.24.3&#8243; _module_preset=&#8221;default&#8221; custom_margin=&#8221;||0px||false|false&#8221; custom_padding=&#8221;||||false|false&#8221; animation_style=&#8221;fade&#8221; animation_duration=&#8221;1700ms&#8221; global_colors_info=&#8221;{}&#8221;][\/et_pb_image][et_pb_text _builder_version=&#8221;4.24.3&#8243; _module_preset=&#8221;default&#8221; text_font=&#8221;||on||||||&#8221; text_orientation=&#8221;center&#8221; global_colors_info=&#8221;{}&#8221;]<\/p>\n<p>\u201cI grew up among fragrances. When I was a child, every Saturday morning my father would sort out samples of the fragrances he had created during the week.<\/p>\n<p>I used to watch him from the sofa, anxiously waiting for him to call me at his side to choose my favorite.\u201d Roberta Cerizza<\/p>\n<p>[\/et_pb_text][et_pb_text _builder_version=&#8221;4.24.3&#8243; _module_preset=&#8221;default&#8221; text_orientation=&#8221;center&#8221; global_colors_info=&#8221;{}&#8221;]<\/p>\n<p>The emotional inspiration of the brand, is based on the desire to tell about the tradition of my family in the world of fragrances through what has bonded all of us: the passion for fragrances.<\/p>\n<p>The main sources of inspiration of the image of the range of Esse strikes the notes, were fashion, design and the elegance of Made in Italy. The development was preceded by a research of shapes, details and accessories, (current and former ones), that have characterized the Italian elegance all over the world for such a long time.<\/p>\n<p>A sequence of images, starting from the old laboratory where my grandfather composed the first fragrances, up to the eccentric design, and the most up-to-date fashion accessories.<\/p>\n<p>Abstract images enshrining the soul of the brand.<\/p>\n<p>[\/et_pb_text][\/et_pb_column][\/et_pb_row][\/et_pb_section]<\/p>","protected":false},"excerpt":{"rendered":"<p>Chi \u00e8\u00a0S.L\u2019ambigua personalit\u00e0 di S., spicca fra la generazione che discende da suo nonno Aurelio. S. \u00e8 una donna audace, ma basta poco a renderla la pi\u00f9 fragile fra le donne. Apparentemente misteriosa, ma a tratti scontata. Una donna che ha voglia di vincere, determinata, ma frenata dalle sue paure. Una sognatrice la cui forte [&hellip;]<\/p>","protected":false},"author":59,"featured_media":0,"parent":0,"menu_order":0,"comment_status":"closed","ping_status":"closed","template":"","meta":{"_et_pb_use_builder":"on","_et_pb_old_content":"","_et_gb_content_width":"","footnotes":""},"class_list":["post-4414","page","type-page","status-publish","hentry"],"yoast_head":"<!-- This site is optimized with the Yoast SEO plugin v26.5 - https:\/\/yoast.com\/wordpress\/plugins\/seo\/ -->\n<title>Chi \u00e8 S. | Esse Strikes The Notes<\/title>\n<meta name=\"robots\" content=\"index, follow, max-snippet:-1, max-image-preview:large, max-video-preview:-1\" \/>\n<link rel=\"canonical\" href=\"https:\/\/essestrikesthenotes.com\/en\/chi-e-esse\/\" \/>\n<meta property=\"og:locale\" content=\"en_GB\" \/>\n<meta property=\"og:type\" content=\"article\" \/>\n<meta property=\"og:title\" content=\"Chi \u00e8 S. | Esse Strikes The Notes\" \/>\n<meta property=\"og:description\" content=\"[difl_divider divider_type=&quot;double&quot; separetor_type=&quot;text&quot; title=&quot;Divi Image Carousel&quot; icon_image_alignment=&quot;center&quot; divider_line_color=&quot;#ff1818&quot; divider_line_width=&quot;5px&quot; line_alignment=&quot;center&quot; divider_left_line_width=&quot;25%&quot; divider_right_line_width=&quot;25%&quot; divider_line_spacing=&quot;15px&quot; divider_width_tablet=&quot;&quot; divider_width_phone=&quot;&quot; divider_width_last_edited=&quot;on|phone&quot; line_alignment_tablet=&quot;center&quot; line_alignment_phone=&quot;center&quot; line_alignment_last_edited=&quot;on|phone&quot; divider_left_line_width_tablet=&quot;&quot; divider_left_line_width_phone=&quot;&quot; divider_left_line_width_last_edited=&quot;on|tablet&quot; divider_right_line_width_tablet=&quot;&quot; divider_right_line_width_phone=&quot;&quot; divider_right_line_width_last_edited=&quot;on|tablet&quot; divider_line_spacing_tablet=&quot;12px&quot; divider_line_spacing_phone=&quot;10px&quot; divider_line_spacing_last_edited=&quot;on|tablet&quot; _builder_version=&quot;4.18.0&quot; _module_preset=&quot;default&quot; separator_font=&quot;Inter|600|||||||&quot; separator_text_align=&quot;center&quot; separator_text_color=&quot;#FF1818&quot; separator_font_size=&quot;20px&quot; separator_line_height=&quot;24px&quot; max_width=&quot;420px&quot; max_width_tablet=&quot;380px&quot; max_width_phone=&quot;350px&quot; max_width_last_edited=&quot;on|phone&quot; module_alignment=&quot;center&quot; custom_margin=&quot;||20px||false|false&quot; separator_text_align_tablet=&quot;center&quot; separator_text_align_phone=&quot;center&quot; separator_text_align_last_edited=&quot;on|tablet&quot; separator_font_size_tablet=&quot;18px&quot; separator_font_size_phone=&quot;16px&quot; separator_font_size_last_edited=&quot;on|phone&quot; module_alignment_tablet=&quot;center&quot; module_alignment_phone=&quot;center&quot; module_alignment_last_edited=&quot;on|tablet&quot; global_colors_info=&quot;{}&quot; theme_builder_area=&quot;post_content&quot; _i=&quot;0&quot; _address=&quot;0.0.0.0&quot; \/]Lorem [&hellip;]\" \/>\n<meta property=\"og:url\" content=\"https:\/\/essestrikesthenotes.com\/en\/chi-e-esse\/\" \/>\n<meta property=\"og:site_name\" content=\"Esse Strikes The Notes\" \/>\n<meta property=\"article:modified_time\" content=\"2024-04-22T09:53:31+00:00\" \/>\n<meta name=\"twitter:card\" content=\"summary_large_image\" \/>\n<meta name=\"twitter:label1\" content=\"Estimated reading time\" \/>\n\t<meta name=\"twitter:data1\" content=\"4 minutes\" \/>\n<script type=\"application\/ld+json\" class=\"yoast-schema-graph\">{\"@context\":\"https:\/\/schema.org\",\"@graph\":[{\"@type\":\"WebPage\",\"@id\":\"https:\/\/essestrikesthenotes.com\/chi-e-esse\/\",\"url\":\"https:\/\/essestrikesthenotes.com\/chi-e-esse\/\",\"name\":\"Chi \u00e8 S. | Esse Strikes The Notes\",\"isPartOf\":{\"@id\":\"https:\/\/essestrikesthenotes.com\/#website\"},\"datePublished\":\"2024-04-16T13:56:47+00:00\",\"dateModified\":\"2024-04-22T09:53:31+00:00\",\"breadcrumb\":{\"@id\":\"https:\/\/essestrikesthenotes.com\/chi-e-esse\/#breadcrumb\"},\"inLanguage\":\"en-GB\",\"potentialAction\":[{\"@type\":\"ReadAction\",\"target\":[\"https:\/\/essestrikesthenotes.com\/chi-e-esse\/\"]}]},{\"@type\":\"BreadcrumbList\",\"@id\":\"https:\/\/essestrikesthenotes.com\/chi-e-esse\/#breadcrumb\",\"itemListElement\":[{\"@type\":\"ListItem\",\"position\":1,\"name\":\"Home\",\"item\":\"https:\/\/essestrikesthenotes.com\/\"},{\"@type\":\"ListItem\",\"position\":2,\"name\":\"Chi \u00e8 S.\"}]},{\"@type\":\"WebSite\",\"@id\":\"https:\/\/essestrikesthenotes.com\/#website\",\"url\":\"https:\/\/essestrikesthenotes.com\/\",\"name\":\"Esse Strikes The Notes\",\"description\":\"EAU DE PARFUM made in italy\",\"publisher\":{\"@id\":\"https:\/\/essestrikesthenotes.com\/#organization\"},\"potentialAction\":[{\"@type\":\"SearchAction\",\"target\":{\"@type\":\"EntryPoint\",\"urlTemplate\":\"https:\/\/essestrikesthenotes.com\/?s={search_term_string}\"},\"query-input\":{\"@type\":\"PropertyValueSpecification\",\"valueRequired\":true,\"valueName\":\"search_term_string\"}}],\"inLanguage\":\"en-GB\"},{\"@type\":\"Organization\",\"@id\":\"https:\/\/essestrikesthenotes.com\/#organization\",\"name\":\"Esse Strikes The Notes\",\"url\":\"https:\/\/essestrikesthenotes.com\/\",\"logo\":{\"@type\":\"ImageObject\",\"inLanguage\":\"en-GB\",\"@id\":\"https:\/\/essestrikesthenotes.com\/#\/schema\/logo\/image\/\",\"url\":\"https:\/\/essestrikesthenotes.com\/wp-content\/uploads\/2018\/05\/logo-esse-strikes-the-notes-email.png\",\"contentUrl\":\"https:\/\/essestrikesthenotes.com\/wp-content\/uploads\/2018\/05\/logo-esse-strikes-the-notes-email.png\",\"width\":350,\"height\":210,\"caption\":\"Esse Strikes The Notes\"},\"image\":{\"@id\":\"https:\/\/essestrikesthenotes.com\/#\/schema\/logo\/image\/\"},\"sameAs\":[\"https:\/\/www.instagram.com\/essestrikesthenotes.parfum\/\"]}]}<\/script>\n<!-- \/ Yoast SEO plugin. -->","yoast_head_json":{"title":"Chi \u00e8 S. | Esse Strikes The Notes","robots":{"index":"index","follow":"follow","max-snippet":"max-snippet:-1","max-image-preview":"max-image-preview:large","max-video-preview":"max-video-preview:-1"},"canonical":"https:\/\/essestrikesthenotes.com\/en\/chi-e-esse\/","og_locale":"en_GB","og_type":"article","og_title":"Chi \u00e8 S. | Esse Strikes The Notes","og_description":"[difl_divider divider_type=\"double\" separetor_type=\"text\" title=\"Divi Image Carousel\" icon_image_alignment=\"center\" divider_line_color=\"#ff1818\" divider_line_width=\"5px\" line_alignment=\"center\" divider_left_line_width=\"25%\" divider_right_line_width=\"25%\" divider_line_spacing=\"15px\" divider_width_tablet=\"\" divider_width_phone=\"\" divider_width_last_edited=\"on|phone\" line_alignment_tablet=\"center\" line_alignment_phone=\"center\" line_alignment_last_edited=\"on|phone\" divider_left_line_width_tablet=\"\" divider_left_line_width_phone=\"\" divider_left_line_width_last_edited=\"on|tablet\" divider_right_line_width_tablet=\"\" divider_right_line_width_phone=\"\" divider_right_line_width_last_edited=\"on|tablet\" divider_line_spacing_tablet=\"12px\" divider_line_spacing_phone=\"10px\" divider_line_spacing_last_edited=\"on|tablet\" _builder_version=\"4.18.0\" _module_preset=\"default\" separator_font=\"Inter|600|||||||\" separator_text_align=\"center\" separator_text_color=\"#FF1818\" separator_font_size=\"20px\" separator_line_height=\"24px\" max_width=\"420px\" max_width_tablet=\"380px\" max_width_phone=\"350px\" max_width_last_edited=\"on|phone\" module_alignment=\"center\" custom_margin=\"||20px||false|false\" separator_text_align_tablet=\"center\" separator_text_align_phone=\"center\" separator_text_align_last_edited=\"on|tablet\" separator_font_size_tablet=\"18px\" separator_font_size_phone=\"16px\" separator_font_size_last_edited=\"on|phone\" module_alignment_tablet=\"center\" module_alignment_phone=\"center\" module_alignment_last_edited=\"on|tablet\" global_colors_info=\"{}\" theme_builder_area=\"post_content\" _i=\"0\" _address=\"0.0.0.0\" \/]Lorem [&hellip;]","og_url":"https:\/\/essestrikesthenotes.com\/en\/chi-e-esse\/","og_site_name":"Esse Strikes The Notes","article_modified_time":"2024-04-22T09:53:31+00:00","twitter_card":"summary_large_image","twitter_misc":{"Estimated reading time":"4 minutes"},"schema":{"@context":"https:\/\/schema.org","@graph":[{"@type":"WebPage","@id":"https:\/\/essestrikesthenotes.com\/chi-e-esse\/","url":"https:\/\/essestrikesthenotes.com\/chi-e-esse\/","name":"Chi \u00e8 S. | Esse Strikes The Notes","isPartOf":{"@id":"https:\/\/essestrikesthenotes.com\/#website"},"datePublished":"2024-04-16T13:56:47+00:00","dateModified":"2024-04-22T09:53:31+00:00","breadcrumb":{"@id":"https:\/\/essestrikesthenotes.com\/chi-e-esse\/#breadcrumb"},"inLanguage":"en-GB","potentialAction":[{"@type":"ReadAction","target":["https:\/\/essestrikesthenotes.com\/chi-e-esse\/"]}]},{"@type":"BreadcrumbList","@id":"https:\/\/essestrikesthenotes.com\/chi-e-esse\/#breadcrumb","itemListElement":[{"@type":"ListItem","position":1,"name":"Home","item":"https:\/\/essestrikesthenotes.com\/"},{"@type":"ListItem","position":2,"name":"Chi \u00e8 S."}]},{"@type":"WebSite","@id":"https:\/\/essestrikesthenotes.com\/#website","url":"https:\/\/essestrikesthenotes.com\/","name":"Esse Strikes The Notes","description":"EAU DE PARFUM made in italy","publisher":{"@id":"https:\/\/essestrikesthenotes.com\/#organization"},"potentialAction":[{"@type":"SearchAction","target":{"@type":"EntryPoint","urlTemplate":"https:\/\/essestrikesthenotes.com\/?s={search_term_string}"},"query-input":{"@type":"PropertyValueSpecification","valueRequired":true,"valueName":"search_term_string"}}],"inLanguage":"en-GB"},{"@type":"Organization","@id":"https:\/\/essestrikesthenotes.com\/#organization","name":"Esse Strikes The Notes","url":"https:\/\/essestrikesthenotes.com\/","logo":{"@type":"ImageObject","inLanguage":"en-GB","@id":"https:\/\/essestrikesthenotes.com\/#\/schema\/logo\/image\/","url":"https:\/\/essestrikesthenotes.com\/wp-content\/uploads\/2018\/05\/logo-esse-strikes-the-notes-email.png","contentUrl":"https:\/\/essestrikesthenotes.com\/wp-content\/uploads\/2018\/05\/logo-esse-strikes-the-notes-email.png","width":350,"height":210,"caption":"Esse Strikes The Notes"},"image":{"@id":"https:\/\/essestrikesthenotes.com\/#\/schema\/logo\/image\/"},"sameAs":["https:\/\/www.instagram.com\/essestrikesthenotes.parfum\/"]}]}},"_links":{"self":[{"href":"https:\/\/essestrikesthenotes.com\/en\/wp-json\/wp\/v2\/pages\/4414","targetHints":{"allow":["GET"]}}],"collection":[{"href":"https:\/\/essestrikesthenotes.com\/en\/wp-json\/wp\/v2\/pages"}],"about":[{"href":"https:\/\/essestrikesthenotes.com\/en\/wp-json\/wp\/v2\/types\/page"}],"author":[{"embeddable":true,"href":"https:\/\/essestrikesthenotes.com\/en\/wp-json\/wp\/v2\/users\/59"}],"replies":[{"embeddable":true,"href":"https:\/\/essestrikesthenotes.com\/en\/wp-json\/wp\/v2\/comments?post=4414"}],"version-history":[{"count":6,"href":"https:\/\/essestrikesthenotes.com\/en\/wp-json\/wp\/v2\/pages\/4414\/revisions"}],"predecessor-version":[{"id":280133,"href":"https:\/\/essestrikesthenotes.com\/en\/wp-json\/wp\/v2\/pages\/4414\/revisions\/280133"}],"wp:attachment":[{"href":"https:\/\/essestrikesthenotes.com\/en\/wp-json\/wp\/v2\/media?parent=4414"}],"curies":[{"name":"wp","href":"https:\/\/api.w.org\/{rel}","templated":true}]}}