{"id":2997,"date":"2018-03-19T13:15:36","date_gmt":"2018-03-19T12:15:36","guid":{"rendered":"https:\/\/essestrikesthenotes.com\/?post_type=product&#038;p=2997"},"modified":"2025-11-25T14:49:03","modified_gmt":"2025-11-25T13:49:03","slug":"anita","status":"publish","type":"product","link":"https:\/\/essestrikesthenotes.com\/en\/product-2\/anita\/","title":{"rendered":"Anita"},"content":{"rendered":"<p class=\"p2\">Note di testa floreali, sintomo di libert\u00e0 e di allegria, contrapposte al mesto pepe delle note di cuore, che ne confondono l&#8217;essenza, sovrastandone l\u2019armonia.<\/p>\n<p class=\"p2\">Obvious analogy between notes of the fragrance and personalities.<\/p>\n<p class=\"p2\">How appearances can be deceptive?<\/p>\n<p class=\"p2\">Maybe, we are more than a look. Probably, nobody is what it seems to be.<\/p>\n<p class=\"p2\">L&#8217;apparenza, ci modifica, ci sforma, ci offusca e ci raffigura agli occhi degli altri ci\u00f2 che non siamo.<\/p>\n<p class=\"p2\">Ci rende ci\u00f2 che l&#8217;interlocutore, decide di farci essere.<\/p>\n<p class=\"p2\">Esprimere i pi\u00f9 insiti sentimenti e far trasparire il nostro stato d&#8217;animo, \u00e8 virt\u00f9 dei forti. Captarli, di chi vuole andare oltre.<\/p>\n<p class=\"p2\">Challenge the role of the appearance, have fun cheating with it.<\/p>\n<p class=\"p2\"><em>&#8220;Sto bene, anzi, salvami!&#8221;<\/em><\/p>","protected":false},"excerpt":{"rendered":"<p>EAU DE PARFUM 100 ml<\/p>\n<p>HEAD \u2013 FLORAL BOUQUET<br \/>\nTuberose, Rangoon Creeper, Gardenia, Orange Blossom, Jasmine, Cyclamen, Violet<\/p>\n<p>HEART \u2013 FLORAL SPICY<br \/>\nBlack Pepper, Lily of the valley, Rose, Peony, Sandalwood, Cashmere wood<\/p>\n<p>BOTTOM \u2013 AMBER MUSKY<br \/>\nWhite Musk, White Amber, Ambretta Seeds, Vanilla Berries<\/p>","protected":false},"featured_media":4464,"template":"","meta":{"_et_pb_use_builder":"","_et_pb_old_content":"","_et_gb_content_width":""},"product_cat":[73],"product_tag":[],"class_list":{"0":"post-2997","1":"product","2":"type-product","3":"status-publish","4":"has-post-thumbnail","6":"product_cat-eau-de-parfum","8":"first","9":"instock","10":"featured","11":"shipping-taxable","12":"purchasable","13":"product-type-simple"},"yoast_head":"<!-- This site is optimized with the Yoast SEO plugin v26.5 - https:\/\/yoast.com\/wordpress\/plugins\/seo\/ -->\n<title>Anita | Esse Strikes The Notes<\/title>\n<meta name=\"robots\" content=\"index, follow, max-snippet:-1, max-image-preview:large, max-video-preview:-1\" \/>\n<link rel=\"canonical\" href=\"https:\/\/essestrikesthenotes.com\/en\/product-2\/anita\/\" \/>\n<meta property=\"og:locale\" content=\"en_GB\" \/>\n<meta property=\"og:type\" content=\"article\" \/>\n<meta property=\"og:title\" content=\"Anita | Esse Strikes The Notes\" \/>\n<meta property=\"og:description\" content=\"EAU DE PARFUM 100 ml  TESTA FLOREALE Tuberosa, Rangoon Creeper, Gardenia, Fiori d\u2019Arancio, Gelsomino, Ciclamino, Violetta  CUORE FLOREALE SPEZIATO Pepe Nero, Mughetto, Rosa, Peonia, Sandalo, legno di Cashmere  FONDO AMBRATO MUSCHIATO Muschio Bianco, Ambra Bianca, Semi di Ambretta, Bacche di Vaniglia\" \/>\n<meta property=\"og:url\" content=\"https:\/\/essestrikesthenotes.com\/en\/product-2\/anita\/\" \/>\n<meta property=\"og:site_name\" content=\"Esse Strikes The Notes\" \/>\n<meta property=\"article:modified_time\" content=\"2025-11-25T13:49:03+00:00\" \/>\n<meta property=\"og:image\" content=\"https:\/\/essestrikesthenotes.com\/wp-content\/uploads\/2024\/04\/Anita-product-eau-de-parfum-scaled.jpg\" \/>\n\t<meta property=\"og:image:width\" content=\"2560\" \/>\n\t<meta property=\"og:image:height\" content=\"2560\" \/>\n\t<meta property=\"og:image:type\" content=\"image\/jpeg\" \/>\n<meta name=\"twitter:card\" content=\"summary_large_image\" \/>\n<meta name=\"twitter:label1\" content=\"Estimated reading time\" \/>\n\t<meta name=\"twitter:data1\" content=\"1 minute\" \/>\n<script type=\"application\/ld+json\" class=\"yoast-schema-graph\">{\"@context\":\"https:\/\/schema.org\",\"@graph\":[{\"@type\":\"WebPage\",\"@id\":\"https:\/\/essestrikesthenotes.com\/prodotto\/anita\/\",\"url\":\"https:\/\/essestrikesthenotes.com\/prodotto\/anita\/\",\"name\":\"Anita | Esse Strikes The Notes\",\"isPartOf\":{\"@id\":\"https:\/\/essestrikesthenotes.com\/#website\"},\"primaryImageOfPage\":{\"@id\":\"https:\/\/essestrikesthenotes.com\/prodotto\/anita\/#primaryimage\"},\"image\":{\"@id\":\"https:\/\/essestrikesthenotes.com\/prodotto\/anita\/#primaryimage\"},\"thumbnailUrl\":\"https:\/\/essestrikesthenotes.com\/wp-content\/uploads\/2024\/04\/Anita-product-eau-de-parfum-scaled.jpg\",\"datePublished\":\"2018-03-19T12:15:36+00:00\",\"dateModified\":\"2025-11-25T13:49:03+00:00\",\"breadcrumb\":{\"@id\":\"https:\/\/essestrikesthenotes.com\/prodotto\/anita\/#breadcrumb\"},\"inLanguage\":\"en-GB\",\"potentialAction\":[{\"@type\":\"ReadAction\",\"target\":[\"https:\/\/essestrikesthenotes.com\/prodotto\/anita\/\"]}]},{\"@type\":\"ImageObject\",\"inLanguage\":\"en-GB\",\"@id\":\"https:\/\/essestrikesthenotes.com\/prodotto\/anita\/#primaryimage\",\"url\":\"https:\/\/essestrikesthenotes.com\/wp-content\/uploads\/2024\/04\/Anita-product-eau-de-parfum-scaled.jpg\",\"contentUrl\":\"https:\/\/essestrikesthenotes.com\/wp-content\/uploads\/2024\/04\/Anita-product-eau-de-parfum-scaled.jpg\",\"width\":2560,\"height\":2560},{\"@type\":\"BreadcrumbList\",\"@id\":\"https:\/\/essestrikesthenotes.com\/prodotto\/anita\/#breadcrumb\",\"itemListElement\":[{\"@type\":\"ListItem\",\"position\":1,\"name\":\"Home\",\"item\":\"https:\/\/essestrikesthenotes.com\/\"},{\"@type\":\"ListItem\",\"position\":2,\"name\":\"Shop\",\"item\":\"https:\/\/essestrikesthenotes.com\/prodotti\/\"},{\"@type\":\"ListItem\",\"position\":3,\"name\":\"Anita\"}]},{\"@type\":\"WebSite\",\"@id\":\"https:\/\/essestrikesthenotes.com\/#website\",\"url\":\"https:\/\/essestrikesthenotes.com\/\",\"name\":\"Esse Strikes The Notes\",\"description\":\"EAU DE PARFUM made in italy\",\"publisher\":{\"@id\":\"https:\/\/essestrikesthenotes.com\/#organization\"},\"potentialAction\":[{\"@type\":\"SearchAction\",\"target\":{\"@type\":\"EntryPoint\",\"urlTemplate\":\"https:\/\/essestrikesthenotes.com\/?s={search_term_string}\"},\"query-input\":{\"@type\":\"PropertyValueSpecification\",\"valueRequired\":true,\"valueName\":\"search_term_string\"}}],\"inLanguage\":\"en-GB\"},{\"@type\":\"Organization\",\"@id\":\"https:\/\/essestrikesthenotes.com\/#organization\",\"name\":\"Esse Strikes The Notes\",\"url\":\"https:\/\/essestrikesthenotes.com\/\",\"logo\":{\"@type\":\"ImageObject\",\"inLanguage\":\"en-GB\",\"@id\":\"https:\/\/essestrikesthenotes.com\/#\/schema\/logo\/image\/\",\"url\":\"https:\/\/essestrikesthenotes.com\/wp-content\/uploads\/2018\/05\/logo-esse-strikes-the-notes-email.png\",\"contentUrl\":\"https:\/\/essestrikesthenotes.com\/wp-content\/uploads\/2018\/05\/logo-esse-strikes-the-notes-email.png\",\"width\":350,\"height\":210,\"caption\":\"Esse Strikes The Notes\"},\"image\":{\"@id\":\"https:\/\/essestrikesthenotes.com\/#\/schema\/logo\/image\/\"},\"sameAs\":[\"https:\/\/www.instagram.com\/essestrikesthenotes.parfum\/\"]}]}<\/script>\n<!-- \/ Yoast SEO plugin. -->","yoast_head_json":{"title":"Anita | Esse Strikes The Notes","robots":{"index":"index","follow":"follow","max-snippet":"max-snippet:-1","max-image-preview":"max-image-preview:large","max-video-preview":"max-video-preview:-1"},"canonical":"https:\/\/essestrikesthenotes.com\/en\/product-2\/anita\/","og_locale":"en_GB","og_type":"article","og_title":"Anita | Esse Strikes The Notes","og_description":"EAU DE PARFUM 100 ml  TESTA FLOREALE Tuberosa, Rangoon Creeper, Gardenia, Fiori d\u2019Arancio, Gelsomino, Ciclamino, Violetta  CUORE FLOREALE SPEZIATO Pepe Nero, Mughetto, Rosa, Peonia, Sandalo, legno di Cashmere  FONDO AMBRATO MUSCHIATO Muschio Bianco, Ambra Bianca, Semi di Ambretta, Bacche di Vaniglia","og_url":"https:\/\/essestrikesthenotes.com\/en\/product-2\/anita\/","og_site_name":"Esse Strikes The Notes","article_modified_time":"2025-11-25T13:49:03+00:00","og_image":[{"width":2560,"height":2560,"url":"https:\/\/essestrikesthenotes.com\/wp-content\/uploads\/2024\/04\/Anita-product-eau-de-parfum-scaled.jpg","type":"image\/jpeg"}],"twitter_card":"summary_large_image","twitter_misc":{"Estimated reading time":"1 minute"},"schema":{"@context":"https:\/\/schema.org","@graph":[{"@type":"WebPage","@id":"https:\/\/essestrikesthenotes.com\/prodotto\/anita\/","url":"https:\/\/essestrikesthenotes.com\/prodotto\/anita\/","name":"Anita | Esse Strikes The Notes","isPartOf":{"@id":"https:\/\/essestrikesthenotes.com\/#website"},"primaryImageOfPage":{"@id":"https:\/\/essestrikesthenotes.com\/prodotto\/anita\/#primaryimage"},"image":{"@id":"https:\/\/essestrikesthenotes.com\/prodotto\/anita\/#primaryimage"},"thumbnailUrl":"https:\/\/essestrikesthenotes.com\/wp-content\/uploads\/2024\/04\/Anita-product-eau-de-parfum-scaled.jpg","datePublished":"2018-03-19T12:15:36+00:00","dateModified":"2025-11-25T13:49:03+00:00","breadcrumb":{"@id":"https:\/\/essestrikesthenotes.com\/prodotto\/anita\/#breadcrumb"},"inLanguage":"en-GB","potentialAction":[{"@type":"ReadAction","target":["https:\/\/essestrikesthenotes.com\/prodotto\/anita\/"]}]},{"@type":"ImageObject","inLanguage":"en-GB","@id":"https:\/\/essestrikesthenotes.com\/prodotto\/anita\/#primaryimage","url":"https:\/\/essestrikesthenotes.com\/wp-content\/uploads\/2024\/04\/Anita-product-eau-de-parfum-scaled.jpg","contentUrl":"https:\/\/essestrikesthenotes.com\/wp-content\/uploads\/2024\/04\/Anita-product-eau-de-parfum-scaled.jpg","width":2560,"height":2560},{"@type":"BreadcrumbList","@id":"https:\/\/essestrikesthenotes.com\/prodotto\/anita\/#breadcrumb","itemListElement":[{"@type":"ListItem","position":1,"name":"Home","item":"https:\/\/essestrikesthenotes.com\/"},{"@type":"ListItem","position":2,"name":"Shop","item":"https:\/\/essestrikesthenotes.com\/prodotti\/"},{"@type":"ListItem","position":3,"name":"Anita"}]},{"@type":"WebSite","@id":"https:\/\/essestrikesthenotes.com\/#website","url":"https:\/\/essestrikesthenotes.com\/","name":"Esse Strikes The Notes","description":"EAU DE PARFUM made in italy","publisher":{"@id":"https:\/\/essestrikesthenotes.com\/#organization"},"potentialAction":[{"@type":"SearchAction","target":{"@type":"EntryPoint","urlTemplate":"https:\/\/essestrikesthenotes.com\/?s={search_term_string}"},"query-input":{"@type":"PropertyValueSpecification","valueRequired":true,"valueName":"search_term_string"}}],"inLanguage":"en-GB"},{"@type":"Organization","@id":"https:\/\/essestrikesthenotes.com\/#organization","name":"Esse Strikes The Notes","url":"https:\/\/essestrikesthenotes.com\/","logo":{"@type":"ImageObject","inLanguage":"en-GB","@id":"https:\/\/essestrikesthenotes.com\/#\/schema\/logo\/image\/","url":"https:\/\/essestrikesthenotes.com\/wp-content\/uploads\/2018\/05\/logo-esse-strikes-the-notes-email.png","contentUrl":"https:\/\/essestrikesthenotes.com\/wp-content\/uploads\/2018\/05\/logo-esse-strikes-the-notes-email.png","width":350,"height":210,"caption":"Esse Strikes The Notes"},"image":{"@id":"https:\/\/essestrikesthenotes.com\/#\/schema\/logo\/image\/"},"sameAs":["https:\/\/www.instagram.com\/essestrikesthenotes.parfum\/"]}]}},"_links":{"self":[{"href":"https:\/\/essestrikesthenotes.com\/en\/wp-json\/wp\/v2\/product\/2997","targetHints":{"allow":["GET"]}}],"collection":[{"href":"https:\/\/essestrikesthenotes.com\/en\/wp-json\/wp\/v2\/product"}],"about":[{"href":"https:\/\/essestrikesthenotes.com\/en\/wp-json\/wp\/v2\/types\/product"}],"wp:featuredmedia":[{"embeddable":true,"href":"https:\/\/essestrikesthenotes.com\/en\/wp-json\/wp\/v2\/media\/4464"}],"wp:attachment":[{"href":"https:\/\/essestrikesthenotes.com\/en\/wp-json\/wp\/v2\/media?parent=2997"}],"wp:term":[{"taxonomy":"product_cat","embeddable":true,"href":"https:\/\/essestrikesthenotes.com\/en\/wp-json\/wp\/v2\/product_cat?post=2997"},{"taxonomy":"product_tag","embeddable":true,"href":"https:\/\/essestrikesthenotes.com\/en\/wp-json\/wp\/v2\/product_tag?post=2997"}],"curies":[{"name":"wp","href":"https:\/\/api.w.org\/{rel}","templated":true}]}}