{"id":3990,"date":"2020-02-20T17:28:35","date_gmt":"2020-02-20T16:28:35","guid":{"rendered":"https:\/\/essestrikesthenotes.com\/?post_type=product&#038;p=3990"},"modified":"2025-11-25T14:49:22","modified_gmt":"2025-11-25T13:49:22","slug":"vittoria","status":"publish","type":"product","link":"https:\/\/essestrikesthenotes.com\/en\/product-2\/vittoria\/","title":{"rendered":"Vittoria"},"content":{"rendered":"<p>\u201cMirror, Mirror on the Wall, who\u2019s the fairest of them all?\u00bb<\/p>\n<p>I smile, and I feel beautiful.<\/p>\n<p>I don\u2019t need mirrors that show me my reflected image, I\u2019m the most hard-line judge of myself. My state of mind is the beauty.<\/p>\n<p>My state of mind is beauty.<\/p>\n<p>You are beautiful when you don\u2019t think you are, when you don\u2019t know to be the lead of your movements; you are the stage, the writer and the actor of your beauty.<\/p>\n<p>You are beautiful when you trust your gut more than your mind, when you get careless but always with your watchful eyes.<\/p>\n<p>Be focused every single day to be comfortable in yourself, flaunting the first version of yourself and not a second version of someone else. You are beautiful as you are.<\/p>\n<p>So many battles to win a war. There are wars that never end, some others with instant effect. To be confident in yourself is the the most important winning, it\u2019s your great beauty; it doesn\u2019t matter if the world figures it out, it has to be shared only with who knows how to admire it.<\/p>\n<p>Don\u2019t stop to esteem yourself. Love and believe in yourself.<\/p>\n<p><em>&#8220;Sei Bella!&#8221;<\/em><\/p>","protected":false},"excerpt":{"rendered":"<blockquote><p>EAU DE PARFUM 100 ml<\/p><\/blockquote>\n<p>HEAD NOTES \u2013 FLORAL CITRUS<br \/>\nRose, Sweet orange, Lemon, Grapefruit, Cherry blossom<\/p>\n<p>HEART NOTES \u2013 FLORAL SPICY<br \/>\nJasmine, Peony, Gardenia, Saffron, Gorse<\/p>\n<p>BOTTOM \u2013 AMBER MUSKY<br \/>\nWhite musk, Oak moss, Gray amber, Ambretta seeds<\/p>","protected":false},"featured_media":4472,"template":"","meta":{"_et_pb_use_builder":"on","_et_pb_old_content":"\u00abSpecchio specchio delle mie brame, chi \u00e8 la pi\u00f9 bella del reame?\u00bb\r\n\r\nSorrido, e mi sento bella.\r\n\r\nNon servono specchi che mi mostrino la mia immagine riflessa, sono io il pi\u00f9 implacabile arbitro di me stessa.\r\n\r\nIl mio stato d\u2019animo \u00e8 bellezza.\r\n\r\nSei bella quando pensi di non esserlo, quando non sai di essere protagonista dei tuoi gesti; sei tu la scena, l\u2019autore e l\u2019attore della tua bellezza.\r\n\r\nSei bella quando segui il tuo istinto pi\u00f9 della tua ragione, quando hai l\u2019aria sognante ma gli occhi sempre attenti.\r\n\r\nSii ogni singolo giorno determinata nel sentirti a tuo agio in ci\u00f2 che sei. Ostenta sempre la miglior versione di te stessa e non la brutta copia di qualcun altro. Sei bella come sei.\r\n\r\nQuante battaglie per vincere una guerra. Ci sono guerre che non finiscono mai, altre dall\u2019esito secco. Credere in se stessi \u00e8 la pi\u00f9 grande delle vittorie, la tua pi\u00f9 grande bellezza; non importa che il mondo la percepisca, ma che la condivida solo chi ti sa ammirare.\r\n\r\nNon smettere mai di stimare ci\u00f2 che sei. Amati, e credi in te stessa.\r\n\r\n<em>\"Sei Bella!\"<\/em>","_et_gb_content_width":""},"product_cat":[73],"product_tag":[],"class_list":{"0":"post-3990","1":"product","2":"type-product","3":"status-publish","4":"has-post-thumbnail","6":"product_cat-eau-de-parfum","8":"first","9":"instock","10":"featured","11":"shipping-taxable","12":"purchasable","13":"product-type-simple"},"yoast_head":"<!-- This site is optimized with the Yoast SEO plugin v26.5 - https:\/\/yoast.com\/wordpress\/plugins\/seo\/ -->\n<title>Vittoria | Esse Strikes The Notes<\/title>\n<meta name=\"robots\" content=\"index, follow, max-snippet:-1, max-image-preview:large, max-video-preview:-1\" \/>\n<link rel=\"canonical\" href=\"https:\/\/essestrikesthenotes.com\/en\/product-2\/vittoria\/\" \/>\n<meta property=\"og:locale\" content=\"en_GB\" \/>\n<meta property=\"og:type\" content=\"article\" \/>\n<meta property=\"og:title\" content=\"Vittoria | Esse Strikes The Notes\" \/>\n<meta property=\"og:description\" content=\"EAU DE PARFUM 100 ml NOTE DI TESTA \u2013 FLOREALE AGRUMATO Rosa, Arancia dolce, Limone, Pompelmo, Fiori di ciliegio  NOTE DI CORPO \u2013 FLOREALE SPEZIATO Gelsomino, Peonia, Gardenia, Zafferano, Ginestra  NOTE DI FONDO \u2013 MUSCHIATO AMBRATO Muschio bianco, Muschio di quercia, Ambra grigia, Semi di ambretta\" \/>\n<meta property=\"og:url\" content=\"https:\/\/essestrikesthenotes.com\/en\/product-2\/vittoria\/\" \/>\n<meta property=\"og:site_name\" content=\"Esse Strikes The Notes\" \/>\n<meta property=\"article:modified_time\" content=\"2025-11-25T13:49:22+00:00\" \/>\n<meta property=\"og:image\" content=\"https:\/\/essestrikesthenotes.com\/wp-content\/uploads\/2024\/04\/Vittoria-product-eau-de-parfum-scaled.jpg\" \/>\n\t<meta property=\"og:image:width\" content=\"2560\" \/>\n\t<meta property=\"og:image:height\" content=\"2560\" \/>\n\t<meta property=\"og:image:type\" content=\"image\/jpeg\" \/>\n<meta name=\"twitter:card\" content=\"summary_large_image\" \/>\n<meta name=\"twitter:label1\" content=\"Estimated reading time\" \/>\n\t<meta name=\"twitter:data1\" content=\"2 minutes\" \/>\n<script type=\"application\/ld+json\" class=\"yoast-schema-graph\">{\"@context\":\"https:\/\/schema.org\",\"@graph\":[{\"@type\":\"WebPage\",\"@id\":\"https:\/\/essestrikesthenotes.com\/prodotto\/vittoria\/\",\"url\":\"https:\/\/essestrikesthenotes.com\/prodotto\/vittoria\/\",\"name\":\"Vittoria | Esse Strikes The Notes\",\"isPartOf\":{\"@id\":\"https:\/\/essestrikesthenotes.com\/#website\"},\"primaryImageOfPage\":{\"@id\":\"https:\/\/essestrikesthenotes.com\/prodotto\/vittoria\/#primaryimage\"},\"image\":{\"@id\":\"https:\/\/essestrikesthenotes.com\/prodotto\/vittoria\/#primaryimage\"},\"thumbnailUrl\":\"https:\/\/essestrikesthenotes.com\/wp-content\/uploads\/2024\/04\/Vittoria-product-eau-de-parfum-scaled.jpg\",\"datePublished\":\"2020-02-20T16:28:35+00:00\",\"dateModified\":\"2025-11-25T13:49:22+00:00\",\"breadcrumb\":{\"@id\":\"https:\/\/essestrikesthenotes.com\/prodotto\/vittoria\/#breadcrumb\"},\"inLanguage\":\"en-GB\",\"potentialAction\":[{\"@type\":\"ReadAction\",\"target\":[\"https:\/\/essestrikesthenotes.com\/prodotto\/vittoria\/\"]}]},{\"@type\":\"ImageObject\",\"inLanguage\":\"en-GB\",\"@id\":\"https:\/\/essestrikesthenotes.com\/prodotto\/vittoria\/#primaryimage\",\"url\":\"https:\/\/essestrikesthenotes.com\/wp-content\/uploads\/2024\/04\/Vittoria-product-eau-de-parfum-scaled.jpg\",\"contentUrl\":\"https:\/\/essestrikesthenotes.com\/wp-content\/uploads\/2024\/04\/Vittoria-product-eau-de-parfum-scaled.jpg\",\"width\":2560,\"height\":2560},{\"@type\":\"BreadcrumbList\",\"@id\":\"https:\/\/essestrikesthenotes.com\/prodotto\/vittoria\/#breadcrumb\",\"itemListElement\":[{\"@type\":\"ListItem\",\"position\":1,\"name\":\"Home\",\"item\":\"https:\/\/essestrikesthenotes.com\/\"},{\"@type\":\"ListItem\",\"position\":2,\"name\":\"Shop\",\"item\":\"https:\/\/essestrikesthenotes.com\/prodotti\/\"},{\"@type\":\"ListItem\",\"position\":3,\"name\":\"Vittoria\"}]},{\"@type\":\"WebSite\",\"@id\":\"https:\/\/essestrikesthenotes.com\/#website\",\"url\":\"https:\/\/essestrikesthenotes.com\/\",\"name\":\"Esse Strikes The Notes\",\"description\":\"EAU DE PARFUM made in italy\",\"publisher\":{\"@id\":\"https:\/\/essestrikesthenotes.com\/#organization\"},\"potentialAction\":[{\"@type\":\"SearchAction\",\"target\":{\"@type\":\"EntryPoint\",\"urlTemplate\":\"https:\/\/essestrikesthenotes.com\/?s={search_term_string}\"},\"query-input\":{\"@type\":\"PropertyValueSpecification\",\"valueRequired\":true,\"valueName\":\"search_term_string\"}}],\"inLanguage\":\"en-GB\"},{\"@type\":\"Organization\",\"@id\":\"https:\/\/essestrikesthenotes.com\/#organization\",\"name\":\"Esse Strikes The Notes\",\"url\":\"https:\/\/essestrikesthenotes.com\/\",\"logo\":{\"@type\":\"ImageObject\",\"inLanguage\":\"en-GB\",\"@id\":\"https:\/\/essestrikesthenotes.com\/#\/schema\/logo\/image\/\",\"url\":\"https:\/\/essestrikesthenotes.com\/wp-content\/uploads\/2018\/05\/logo-esse-strikes-the-notes-email.png\",\"contentUrl\":\"https:\/\/essestrikesthenotes.com\/wp-content\/uploads\/2018\/05\/logo-esse-strikes-the-notes-email.png\",\"width\":350,\"height\":210,\"caption\":\"Esse Strikes The Notes\"},\"image\":{\"@id\":\"https:\/\/essestrikesthenotes.com\/#\/schema\/logo\/image\/\"},\"sameAs\":[\"https:\/\/www.instagram.com\/essestrikesthenotes.parfum\/\"]}]}<\/script>\n<!-- \/ Yoast SEO plugin. -->","yoast_head_json":{"title":"Vittoria | Esse Strikes The Notes","robots":{"index":"index","follow":"follow","max-snippet":"max-snippet:-1","max-image-preview":"max-image-preview:large","max-video-preview":"max-video-preview:-1"},"canonical":"https:\/\/essestrikesthenotes.com\/en\/product-2\/vittoria\/","og_locale":"en_GB","og_type":"article","og_title":"Vittoria | Esse Strikes The Notes","og_description":"EAU DE PARFUM 100 ml NOTE DI TESTA \u2013 FLOREALE AGRUMATO Rosa, Arancia dolce, Limone, Pompelmo, Fiori di ciliegio  NOTE DI CORPO \u2013 FLOREALE SPEZIATO Gelsomino, Peonia, Gardenia, Zafferano, Ginestra  NOTE DI FONDO \u2013 MUSCHIATO AMBRATO Muschio bianco, Muschio di quercia, Ambra grigia, Semi di ambretta","og_url":"https:\/\/essestrikesthenotes.com\/en\/product-2\/vittoria\/","og_site_name":"Esse Strikes The Notes","article_modified_time":"2025-11-25T13:49:22+00:00","og_image":[{"width":2560,"height":2560,"url":"https:\/\/essestrikesthenotes.com\/wp-content\/uploads\/2024\/04\/Vittoria-product-eau-de-parfum-scaled.jpg","type":"image\/jpeg"}],"twitter_card":"summary_large_image","twitter_misc":{"Estimated reading time":"2 minutes"},"schema":{"@context":"https:\/\/schema.org","@graph":[{"@type":"WebPage","@id":"https:\/\/essestrikesthenotes.com\/prodotto\/vittoria\/","url":"https:\/\/essestrikesthenotes.com\/prodotto\/vittoria\/","name":"Vittoria | Esse Strikes The Notes","isPartOf":{"@id":"https:\/\/essestrikesthenotes.com\/#website"},"primaryImageOfPage":{"@id":"https:\/\/essestrikesthenotes.com\/prodotto\/vittoria\/#primaryimage"},"image":{"@id":"https:\/\/essestrikesthenotes.com\/prodotto\/vittoria\/#primaryimage"},"thumbnailUrl":"https:\/\/essestrikesthenotes.com\/wp-content\/uploads\/2024\/04\/Vittoria-product-eau-de-parfum-scaled.jpg","datePublished":"2020-02-20T16:28:35+00:00","dateModified":"2025-11-25T13:49:22+00:00","breadcrumb":{"@id":"https:\/\/essestrikesthenotes.com\/prodotto\/vittoria\/#breadcrumb"},"inLanguage":"en-GB","potentialAction":[{"@type":"ReadAction","target":["https:\/\/essestrikesthenotes.com\/prodotto\/vittoria\/"]}]},{"@type":"ImageObject","inLanguage":"en-GB","@id":"https:\/\/essestrikesthenotes.com\/prodotto\/vittoria\/#primaryimage","url":"https:\/\/essestrikesthenotes.com\/wp-content\/uploads\/2024\/04\/Vittoria-product-eau-de-parfum-scaled.jpg","contentUrl":"https:\/\/essestrikesthenotes.com\/wp-content\/uploads\/2024\/04\/Vittoria-product-eau-de-parfum-scaled.jpg","width":2560,"height":2560},{"@type":"BreadcrumbList","@id":"https:\/\/essestrikesthenotes.com\/prodotto\/vittoria\/#breadcrumb","itemListElement":[{"@type":"ListItem","position":1,"name":"Home","item":"https:\/\/essestrikesthenotes.com\/"},{"@type":"ListItem","position":2,"name":"Shop","item":"https:\/\/essestrikesthenotes.com\/prodotti\/"},{"@type":"ListItem","position":3,"name":"Vittoria"}]},{"@type":"WebSite","@id":"https:\/\/essestrikesthenotes.com\/#website","url":"https:\/\/essestrikesthenotes.com\/","name":"Esse Strikes The Notes","description":"EAU DE PARFUM made in italy","publisher":{"@id":"https:\/\/essestrikesthenotes.com\/#organization"},"potentialAction":[{"@type":"SearchAction","target":{"@type":"EntryPoint","urlTemplate":"https:\/\/essestrikesthenotes.com\/?s={search_term_string}"},"query-input":{"@type":"PropertyValueSpecification","valueRequired":true,"valueName":"search_term_string"}}],"inLanguage":"en-GB"},{"@type":"Organization","@id":"https:\/\/essestrikesthenotes.com\/#organization","name":"Esse Strikes The Notes","url":"https:\/\/essestrikesthenotes.com\/","logo":{"@type":"ImageObject","inLanguage":"en-GB","@id":"https:\/\/essestrikesthenotes.com\/#\/schema\/logo\/image\/","url":"https:\/\/essestrikesthenotes.com\/wp-content\/uploads\/2018\/05\/logo-esse-strikes-the-notes-email.png","contentUrl":"https:\/\/essestrikesthenotes.com\/wp-content\/uploads\/2018\/05\/logo-esse-strikes-the-notes-email.png","width":350,"height":210,"caption":"Esse Strikes The Notes"},"image":{"@id":"https:\/\/essestrikesthenotes.com\/#\/schema\/logo\/image\/"},"sameAs":["https:\/\/www.instagram.com\/essestrikesthenotes.parfum\/"]}]}},"_links":{"self":[{"href":"https:\/\/essestrikesthenotes.com\/en\/wp-json\/wp\/v2\/product\/3990","targetHints":{"allow":["GET"]}}],"collection":[{"href":"https:\/\/essestrikesthenotes.com\/en\/wp-json\/wp\/v2\/product"}],"about":[{"href":"https:\/\/essestrikesthenotes.com\/en\/wp-json\/wp\/v2\/types\/product"}],"wp:featuredmedia":[{"embeddable":true,"href":"https:\/\/essestrikesthenotes.com\/en\/wp-json\/wp\/v2\/media\/4472"}],"wp:attachment":[{"href":"https:\/\/essestrikesthenotes.com\/en\/wp-json\/wp\/v2\/media?parent=3990"}],"wp:term":[{"taxonomy":"product_cat","embeddable":true,"href":"https:\/\/essestrikesthenotes.com\/en\/wp-json\/wp\/v2\/product_cat?post=3990"},{"taxonomy":"product_tag","embeddable":true,"href":"https:\/\/essestrikesthenotes.com\/en\/wp-json\/wp\/v2\/product_tag?post=3990"}],"curies":[{"name":"wp","href":"https:\/\/api.w.org\/{rel}","templated":true}]}}